{"id":4638,"date":"2024-07-22T09:31:12","date_gmt":"2024-07-22T06:31:12","guid":{"rendered":"https:\/\/atv-rental-paros.pcinfo.work\/?page_id=4638"},"modified":"2025-04-24T16:26:36","modified_gmt":"2025-04-24T13:26:36","slug":"auto","status":"publish","type":"page","link":"https:\/\/atvrentalparos.gr\/it\/auto\/","title":{"rendered":"Auto"},"content":{"rendered":"\n<div style=\"height:100px\" aria-hidden=\"true\" class=\"wp-block-spacer\"><\/div>\n\n\n\n<div class=\"wp-block-columns grid page-section-1 is-layout-flex wp-container-core-columns-is-layout-9d6595d7 wp-block-columns-is-layout-flex\">\n<div class=\"wp-block-column is-vertically-aligned-center is-layout-flow wp-block-column-is-layout-flow\" style=\"flex-basis:50%\">\n<h1 class=\"wp-block-heading ma-0 section-heading\">Noleggio auto<\/h1>\n\n\n\n<h4 class=\"wp-block-heading anim-bg\">Paros<\/h4>\n\n\n\n<p class=\"text-width text-parallax\">Se cercate un&#8217;auto a noleggio economica o di lusso a Paros, scegliete la nostra azienda. ATV Rental Paros \u00e8 di gran lunga la migliore societ\u00e0 di autonoleggio dell&#8217;isola. Offriamo servizi di alta qualit\u00e0, i migliori prezzi di noleggio e una flotta di auto di tutti i tipi. Disponiamo di auto economiche e di lusso a Paros e garantiamo che tutti i nostri veicoli sono in perfette condizioni e pi\u00f9 che sicuri.<\/p>\n<\/div>\n\n\n\n<div class=\"wp-block-column is-vertically-aligned-center is-layout-flow wp-block-column-is-layout-flow\" style=\"flex-basis:50%\">\n<figure class=\"wp-block-image size-full img-radius-1 img-reveal\"><img loading=\"lazy\" decoding=\"async\" width=\"800\" height=\"400\" src=\"https:\/\/atv-rental-paros.pcinfo.work\/wp-content\/uploads\/2025\/04\/atv-2.webp\" alt=\"\" class=\"wp-image-4313\" style=\"object-fit:cover\" srcset=\"https:\/\/atvrentalparos.gr\/wp-content\/uploads\/2025\/04\/atv-2.webp 800w, https:\/\/atvrentalparos.gr\/wp-content\/uploads\/2025\/04\/atv-2-300x150.webp 300w, https:\/\/atvrentalparos.gr\/wp-content\/uploads\/2025\/04\/atv-2-768x384.webp 768w\" sizes=\"auto, (max-width: 800px) 100vw, 800px\" \/><\/figure>\n<\/div>\n<\/div>\n\n\n\n<div style=\"height:100px\" aria-hidden=\"true\" class=\"wp-block-spacer\"><\/div>\n\n\n\n<div class=\"wp-block-columns grid reverse-colums page-section-2 is-layout-flex wp-container-core-columns-is-layout-9d6595d7 wp-block-columns-is-layout-flex\">\n<div class=\"wp-block-column is-vertically-aligned-center is-layout-flow wp-block-column-is-layout-flow\" style=\"flex-basis:50%\">\n<figure class=\"wp-block-image size-full img-radius-1 img-reveal\"><img loading=\"lazy\" decoding=\"async\" width=\"800\" height=\"400\" src=\"https:\/\/ccc-mykonos.pcinfo.work\/wp-content\/uploads\/2025\/04\/car-pap.webp\" alt=\"\" class=\"wp-image-3771\" style=\"object-fit:cover\" srcset=\"https:\/\/atvrentalparos.gr\/wp-content\/uploads\/2025\/04\/car-pap.webp 800w, https:\/\/atvrentalparos.gr\/wp-content\/uploads\/2025\/04\/car-pap-300x150.webp 300w, https:\/\/atvrentalparos.gr\/wp-content\/uploads\/2025\/04\/car-pap-768x384.webp 768w\" sizes=\"auto, (max-width: 800px) 100vw, 800px\" \/><\/figure>\n<\/div>\n\n\n\n<div class=\"wp-block-column is-vertically-aligned-center is-layout-flow wp-block-column-is-layout-flow\" style=\"flex-basis:50%\">\n<h1 class=\"wp-block-heading has-text-align-right ma-0 section-heading\">Perch\u00e9 scegliere un<\/h1>\n\n\n\n<h4 class=\"wp-block-heading has-text-align-right ma-0 anim-bg go-right\">Auto ?<\/h4>\n\n\n\n<p class=\"has-text-align-right text-parallax\">L&#8217;auto \u00e8 un veicolo comodo e confortevole, perfetto per gli spostamenti su strada. Offre flessibilit\u00e0 e facilit\u00e0 di movimento, permettendovi di esplorare Paros al vostro ritmo. Con un&#8217;auto a noleggio, potrete visitare senza fatica le spiagge dell&#8217;isola, famose in tutto il mondo, scoprire i pittoreschi villaggi dell&#8217;entroterra, come Lefkes e Marpissa, e godervi i percorsi costieri mozzafiato. \u00c8 la scelta ideale per visitare l&#8217;isola, dagli iconici mulini a vento di Paros alle sue serene insenature nascoste. Noleggiare un&#8217;auto vi assicura di vivere il meglio di Paros in tutta comodit\u00e0 e stile.<br><br><\/p>\n<\/div>\n<\/div>\n\n\n\n<div style=\"height:100px\" aria-hidden=\"true\" class=\"wp-block-spacer\"><\/div>\n\n\n\n<h2 class=\"wp-block-heading has-text-align-center section-heading\">Servizi di autonoleggio a Paros<\/h2>\n\n\n\n<div style=\"height:50px\" aria-hidden=\"true\" class=\"wp-block-spacer\"><\/div>\n\n\n\n<div class=\"wp-block-columns grid page-section-3 is-layout-flex wp-container-core-columns-is-layout-9d6595d7 wp-block-columns-is-layout-flex\">\n<div class=\"wp-block-column is-layout-flow wp-block-column-is-layout-flow\">\n<h4 class=\"wp-block-heading has-text-align-center anim-bg section-subheading\">Aeroporto<\/h4>\n\n\n\n<div style=\"height:20px\" aria-hidden=\"true\" class=\"wp-block-spacer\"><\/div>\n\n\n\n<p class=\"has-text-align-left text-parallax\">Se arrivate a Paros in aereo, potete scegliere comodamente il noleggio auto all&#8217;aeroporto di Paros. In questo modo potrete ritirare e riconsegnare la vostra auto a noleggio direttamente in aeroporto. Con un piccolo supplemento, forniamo servizi personalizzati di ritiro e riconsegna all&#8217;aeroporto di Paros. Il nostro team vi aspetter\u00e0 nell&#8217;area arrivi e, in caso di ritardo del volo, non c&#8217;\u00e8 da preoccuparsi! Monitoriamo tutti i voli in arrivo per assicurarci di essere presenti al vostro atterraggio.<\/p>\n<\/div>\n\n\n\n<div class=\"wp-block-column is-vertically-aligned-center is-layout-flow wp-block-column-is-layout-flow\"><div class=\"wp-block-image img-reveal\">\n<figure class=\"aligncenter size-full is-resized\"><img loading=\"lazy\" decoding=\"async\" width=\"600\" height=\"400\" src=\"https:\/\/atv-rental-milos.com\/wp-content\/uploads\/2024\/07\/c1.webp\" alt=\"\" class=\"wp-image-858\" style=\"width:617px;height:auto\" srcset=\"https:\/\/atvrentalparos.gr\/wp-content\/uploads\/2024\/07\/c1.webp 600w, https:\/\/atvrentalparos.gr\/wp-content\/uploads\/2024\/07\/c1-300x200.webp 300w\" sizes=\"auto, (max-width: 600px) 100vw, 600px\" \/><\/figure>\n<\/div><\/div>\n\n\n\n<div class=\"wp-block-column is-layout-flow wp-block-column-is-layout-flow\">\n<h4 class=\"wp-block-heading has-text-align-center anim-bg  section-subheading\">Porto<\/h4>\n\n\n\n<div style=\"height:20px\" aria-hidden=\"true\" class=\"wp-block-spacer\"><\/div>\n\n\n\n<p class=\"has-text-align-left text-parallax\">Se arrivate a Paros in nave, potete scegliere il noleggio auto al porto di Paros &#8211; Paros New Port. Questa comoda opzione vi consente di ritirare e riconsegnare l&#8217;auto a noleggio direttamente al porto. Con un piccolo supplemento, offriamo il servizio di ritiro e riconsegna al porto di Paros. Il nostro team vi aspetter\u00e0 all&#8217;arrivo e in caso di ritardi non c&#8217;\u00e8 da preoccuparsi! Monitoriamo tutti gli orari dei traghetti per assicurarci di essere presenti al momento dell&#8217;attracco.<\/p>\n<\/div>\n<\/div>\n\n\n\n<div style=\"height:100px\" aria-hidden=\"true\" class=\"wp-block-spacer\"><\/div>\n\n\n\n<div class=\"wp-block-group rel overflow page-section-4\"><div class=\"wp-block-group__inner-container is-layout-constrained wp-block-group-is-layout-constrained\">\n<div class=\"wp-block-group grid z-10\"><div class=\"wp-block-group__inner-container is-layout-constrained wp-block-group-is-layout-constrained\">\n<h2 class=\"wp-block-heading has-text-align-center section-heading has-white-color has-text-color has-link-color wp-elements-b03d4cfe9a42f85171c88a2805b3420c\">La magnifica Paros<\/h2>\n\n\n\n<p class=\"has-text-align-center full-width text-parallax has-white-color has-text-color has-link-color wp-elements-fd8444a7ae315e3534ea042293bb677f\">Paros, situata nel cuore delle Cicladi, offre un perfetto equilibrio tra serenit\u00e0 e vivacit\u00e0 dell&#8217;isola. Conosciuta per i suoi incantevoli villaggi come Naoussa e Parikia, l&#8217;isola combina l&#8217;architettura tradizionale con un&#8217;atmosfera artistica e rilassata. I vicoli imbiancati a calce e fiancheggiati da bouganville conducono ad accoglienti taverne e negozietti. Spiagge dorate come Kolymbithres e Santa Maria offrono relax e sport acquatici. Il sentiero bizantino da Lefkes a Prodromos invita i visitatori a esplorare la ricca storia di Paros a piedi. Con il suo mix di bellezza naturale, profondit\u00e0 culturale ed eleganza senza fretta, Paros \u00e8 una gemma delle Cicladi tutta da scoprire.<\/p>\n<\/div><\/div>\n\n\n\n<figure class=\"wp-block-image size-full image-overlay abs-center z--1 ma-0 is-style-default\"><img loading=\"lazy\" decoding=\"async\" width=\"1920\" height=\"1080\" src=\"https:\/\/ccc-mykonos.pcinfo.work\/wp-content\/uploads\/2025\/04\/clear.webp\" alt=\"\" class=\"wp-image-3631\" style=\"object-fit:cover\" srcset=\"https:\/\/atvrentalparos.gr\/wp-content\/uploads\/2025\/04\/clear.webp 1920w, https:\/\/atvrentalparos.gr\/wp-content\/uploads\/2025\/04\/clear-300x169.webp 300w, https:\/\/atvrentalparos.gr\/wp-content\/uploads\/2025\/04\/clear-1024x576.webp 1024w, https:\/\/atvrentalparos.gr\/wp-content\/uploads\/2025\/04\/clear-768x432.webp 768w, https:\/\/atvrentalparos.gr\/wp-content\/uploads\/2025\/04\/clear-1536x864.webp 1536w\" sizes=\"auto, (max-width: 1920px) 100vw, 1920px\" \/><\/figure>\n<\/div><\/div>\n\n\n\n<div style=\"height:100px\" aria-hidden=\"true\" class=\"wp-block-spacer\"><\/div>\n","protected":false},"excerpt":{"rendered":"<p>Noleggio auto Paros Se cercate un&#8217;auto a noleggio economica o di lusso a Paros, scegliete la nostra azienda. ATV Rental Paros \u00e8 di gran lunga la migliore societ\u00e0 di autonoleggio dell&#8217;isola. Offriamo servizi di alta qualit\u00e0, i migliori prezzi di noleggio e una flotta di auto di tutti i tipi. Disponiamo di auto economiche e [&hellip;]<\/p>\n","protected":false},"author":1,"featured_media":4632,"parent":0,"menu_order":0,"comment_status":"closed","ping_status":"closed","template":"","meta":{"_acf_changed":false,"footnotes":""},"class_list":["post-4638","page","type-page","status-publish","has-post-thumbnail","hentry"],"acf":[],"yoast_head":"<!-- This site is optimized with the Yoast SEO plugin v26.1.1 - https:\/\/yoast.com\/wordpress\/plugins\/seo\/ -->\n<title>Auto - Paros Luxury Car Rental<\/title>\n<meta name=\"robots\" content=\"noindex, follow, max-snippet:-1, max-image-preview:large, max-video-preview:-1\" \/>\n<meta property=\"og:locale\" content=\"it_IT\" \/>\n<meta property=\"og:type\" content=\"article\" \/>\n<meta property=\"og:title\" content=\"Auto - Paros Luxury Car Rental\" \/>\n<meta property=\"og:description\" content=\"Noleggio auto Paros Se cercate un&#8217;auto a noleggio economica o di lusso a Paros, scegliete la nostra azienda. ATV Rental Paros \u00e8 di gran lunga la migliore societ\u00e0 di autonoleggio dell&#8217;isola. Offriamo servizi di alta qualit\u00e0, i migliori prezzi di noleggio e una flotta di auto di tutti i tipi. Disponiamo di auto economiche e [&hellip;]\" \/>\n<meta property=\"og:url\" content=\"https:\/\/atvrentalparos.gr\/it\/auto\/\" \/>\n<meta property=\"og:site_name\" content=\"Paros Luxury Car Rental\" \/>\n<meta property=\"article:modified_time\" content=\"2025-04-24T13:26:36+00:00\" \/>\n<meta property=\"og:image\" content=\"https:\/\/atvrentalparos.gr\/wp-content\/uploads\/2025\/04\/subbanner-3.webp\" \/>\n\t<meta property=\"og:image:width\" content=\"1920\" \/>\n\t<meta property=\"og:image:height\" content=\"1080\" \/>\n\t<meta property=\"og:image:type\" content=\"image\/webp\" \/>\n<meta name=\"twitter:card\" content=\"summary_large_image\" \/>\n<meta name=\"twitter:label1\" content=\"Tempo di lettura stimato\" \/>\n\t<meta name=\"twitter:data1\" content=\"3 minuti\" \/>\n<script type=\"application\/ld+json\" class=\"yoast-schema-graph\">{\"@context\":\"https:\/\/schema.org\",\"@graph\":[{\"@type\":\"WebPage\",\"@id\":\"https:\/\/atvrentalparos.gr\/it\/auto\/\",\"url\":\"https:\/\/atvrentalparos.gr\/it\/auto\/\",\"name\":\"Auto - Paros Luxury Car Rental\",\"isPartOf\":{\"@id\":\"\/#website\"},\"primaryImageOfPage\":{\"@id\":\"https:\/\/atvrentalparos.gr\/it\/auto\/#primaryimage\"},\"image\":{\"@id\":\"https:\/\/atvrentalparos.gr\/it\/auto\/#primaryimage\"},\"thumbnailUrl\":\"https:\/\/atvrentalparos.gr\/wp-content\/uploads\/2025\/04\/subbanner-3.webp\",\"datePublished\":\"2024-07-22T06:31:12+00:00\",\"dateModified\":\"2025-04-24T13:26:36+00:00\",\"breadcrumb\":{\"@id\":\"https:\/\/atvrentalparos.gr\/it\/auto\/#breadcrumb\"},\"inLanguage\":\"it-IT\",\"potentialAction\":[{\"@type\":\"ReadAction\",\"target\":[\"https:\/\/atvrentalparos.gr\/it\/auto\/\"]}]},{\"@type\":\"ImageObject\",\"inLanguage\":\"it-IT\",\"@id\":\"https:\/\/atvrentalparos.gr\/it\/auto\/#primaryimage\",\"url\":\"https:\/\/atvrentalparos.gr\/wp-content\/uploads\/2025\/04\/subbanner-3.webp\",\"contentUrl\":\"https:\/\/atvrentalparos.gr\/wp-content\/uploads\/2025\/04\/subbanner-3.webp\",\"width\":1920,\"height\":1080},{\"@type\":\"BreadcrumbList\",\"@id\":\"https:\/\/atvrentalparos.gr\/it\/auto\/#breadcrumb\",\"itemListElement\":[{\"@type\":\"ListItem\",\"position\":1,\"name\":\"Home\",\"item\":\"https:\/\/atvrentalparos.gr\/it\/\"},{\"@type\":\"ListItem\",\"position\":2,\"name\":\"Auto\"}]},{\"@type\":\"WebSite\",\"@id\":\"\/#website\",\"url\":\"\/\",\"name\":\"ATV Rental Paros\",\"description\":\"\",\"alternateName\":\"ATV Rental Paros\",\"potentialAction\":[{\"@type\":\"SearchAction\",\"target\":{\"@type\":\"EntryPoint\",\"urlTemplate\":\"\/?s={search_term_string}\"},\"query-input\":{\"@type\":\"PropertyValueSpecification\",\"valueRequired\":true,\"valueName\":\"search_term_string\"}}],\"inLanguage\":\"it-IT\"}]}<\/script>\n<!-- \/ Yoast SEO plugin. -->","yoast_head_json":{"title":"Auto - Paros Luxury Car Rental","robots":{"index":"noindex","follow":"follow","max-snippet":"max-snippet:-1","max-image-preview":"max-image-preview:large","max-video-preview":"max-video-preview:-1"},"og_locale":"it_IT","og_type":"article","og_title":"Auto - Paros Luxury Car Rental","og_description":"Noleggio auto Paros Se cercate un&#8217;auto a noleggio economica o di lusso a Paros, scegliete la nostra azienda. ATV Rental Paros \u00e8 di gran lunga la migliore societ\u00e0 di autonoleggio dell&#8217;isola. Offriamo servizi di alta qualit\u00e0, i migliori prezzi di noleggio e una flotta di auto di tutti i tipi. Disponiamo di auto economiche e [&hellip;]","og_url":"https:\/\/atvrentalparos.gr\/it\/auto\/","og_site_name":"Paros Luxury Car Rental","article_modified_time":"2025-04-24T13:26:36+00:00","og_image":[{"width":1920,"height":1080,"url":"https:\/\/atvrentalparos.gr\/wp-content\/uploads\/2025\/04\/subbanner-3.webp","type":"image\/webp"}],"twitter_card":"summary_large_image","twitter_misc":{"Tempo di lettura stimato":"3 minuti"},"schema":{"@context":"https:\/\/schema.org","@graph":[{"@type":"WebPage","@id":"https:\/\/atvrentalparos.gr\/it\/auto\/","url":"https:\/\/atvrentalparos.gr\/it\/auto\/","name":"Auto - Paros Luxury Car Rental","isPartOf":{"@id":"\/#website"},"primaryImageOfPage":{"@id":"https:\/\/atvrentalparos.gr\/it\/auto\/#primaryimage"},"image":{"@id":"https:\/\/atvrentalparos.gr\/it\/auto\/#primaryimage"},"thumbnailUrl":"https:\/\/atvrentalparos.gr\/wp-content\/uploads\/2025\/04\/subbanner-3.webp","datePublished":"2024-07-22T06:31:12+00:00","dateModified":"2025-04-24T13:26:36+00:00","breadcrumb":{"@id":"https:\/\/atvrentalparos.gr\/it\/auto\/#breadcrumb"},"inLanguage":"it-IT","potentialAction":[{"@type":"ReadAction","target":["https:\/\/atvrentalparos.gr\/it\/auto\/"]}]},{"@type":"ImageObject","inLanguage":"it-IT","@id":"https:\/\/atvrentalparos.gr\/it\/auto\/#primaryimage","url":"https:\/\/atvrentalparos.gr\/wp-content\/uploads\/2025\/04\/subbanner-3.webp","contentUrl":"https:\/\/atvrentalparos.gr\/wp-content\/uploads\/2025\/04\/subbanner-3.webp","width":1920,"height":1080},{"@type":"BreadcrumbList","@id":"https:\/\/atvrentalparos.gr\/it\/auto\/#breadcrumb","itemListElement":[{"@type":"ListItem","position":1,"name":"Home","item":"https:\/\/atvrentalparos.gr\/it\/"},{"@type":"ListItem","position":2,"name":"Auto"}]},{"@type":"WebSite","@id":"\/#website","url":"\/","name":"ATV Rental Paros","description":"","alternateName":"ATV Rental Paros","potentialAction":[{"@type":"SearchAction","target":{"@type":"EntryPoint","urlTemplate":"\/?s={search_term_string}"},"query-input":{"@type":"PropertyValueSpecification","valueRequired":true,"valueName":"search_term_string"}}],"inLanguage":"it-IT"}]}},"publishpress_future_action":{"enabled":false,"date":"2026-04-11 02:54:36","action":"change-status","newStatus":"draft","terms":[],"taxonomy":"translation_priority","extraData":[]},"publishpress_future_workflow_manual_trigger":{"enabledWorkflows":[]},"_links":{"self":[{"href":"https:\/\/atvrentalparos.gr\/it\/wp-json\/wp\/v2\/pages\/4638","targetHints":{"allow":["GET"]}}],"collection":[{"href":"https:\/\/atvrentalparos.gr\/it\/wp-json\/wp\/v2\/pages"}],"about":[{"href":"https:\/\/atvrentalparos.gr\/it\/wp-json\/wp\/v2\/types\/page"}],"author":[{"embeddable":true,"href":"https:\/\/atvrentalparos.gr\/it\/wp-json\/wp\/v2\/users\/1"}],"replies":[{"embeddable":true,"href":"https:\/\/atvrentalparos.gr\/it\/wp-json\/wp\/v2\/comments?post=4638"}],"version-history":[{"count":1,"href":"https:\/\/atvrentalparos.gr\/it\/wp-json\/wp\/v2\/pages\/4638\/revisions"}],"predecessor-version":[{"id":4648,"href":"https:\/\/atvrentalparos.gr\/it\/wp-json\/wp\/v2\/pages\/4638\/revisions\/4648"}],"wp:featuredmedia":[{"embeddable":true,"href":"https:\/\/atvrentalparos.gr\/it\/wp-json\/wp\/v2\/media\/4632"}],"wp:attachment":[{"href":"https:\/\/atvrentalparos.gr\/it\/wp-json\/wp\/v2\/media?parent=4638"}],"curies":[{"name":"wp","href":"https:\/\/api.w.org\/{rel}","templated":true}]}}